{"id":13256,"date":"2021-04-11T22:35:43","date_gmt":"2021-04-11T22:35:43","guid":{"rendered":"https:\/\/fmhconveyors.com\/terms-of-use\/"},"modified":"2023-12-14T10:56:21","modified_gmt":"2023-12-14T09:56:21","slug":"terms-of-use","status":"publish","type":"page","link":"https:\/\/fmhconveyors.com\/fr-in\/conditions-d-utilisation\/","title":{"rendered":"Conditions d&#8217;utilisation"},"content":{"rendered":"<p>&nbsp;<\/p>\n<p>ATTENTION : VEUILLEZ LIRE ATTENTIVEMENT LA PR\u00c9SENTE D\u00c9CLARATION AVANT D&#8217;UTILISER [nom du site] (CE &#8220;SITE WEB&#8221;). L&#8217;UTILISATION DE CE SITE WEB IMPLIQUE L&#8217;ACCEPTATION DE LA PR\u00c9SENTE D\u00c9CLARATION DE DROITS D&#8217;AUTEUR ET DES CONDITIONS D&#8217;UTILISATION (COLLECTIVEMENT, LES &#8220;CONDITIONS D&#8217;UTILISATION&#8221;). SI VOUS N&#8217;ACCEPTEZ PAS CES CONDITIONS D&#8217;UTILISATION, N&#8217;UTILISEZ PAS CE SITE WEB.<\/p>\n<p>Le FMH Conveyors se r\u00e9serve le droit de modifier les pr\u00e9sentes conditions d&#8217;utilisation sans pr\u00e9avis et toute modification entre en vigueur au moment o\u00f9 elle est publi\u00e9e sur ce site. FMH Conveyors peut, \u00e0 tout moment et \u00e0 sa discr\u00e9tion, mettre fin \u00e0 votre acc\u00e8s \u00e0 ce site web. Si vous acc\u00e9dez \u00e0 ce site web en tant que repr\u00e9sentant d&#8217;une organisation, les pr\u00e9sentes conditions d&#8217;utilisation vous lient \u00e0 la fois \u00e0 vous et \u00e0 l&#8217;organisation, et les r\u00e9f\u00e9rences \u00e0 &#8220;vous&#8221; et &#8220;votre&#8221; doivent \u00eatre interpr\u00e9t\u00e9es comme s&#8217;appliquant \u00e0 vous et \u00e0 l&#8217;organisation.<\/p>\n<p>Bien que FMH Conveyors maintienne la protection des droits d&#8217;auteur sur tous les documents, informations et publications (collectivement, les &#8220;informations du site web&#8221;) qu&#8217;il place sur ce site web, FMH Conveyors consent au t\u00e9l\u00e9chargement, \u00e0 la copie et \u00e0 la distribution normaux des informations \u00e0 des fins non commerciales, par vous ou au sein de votre organisation uniquement. En contrepartie de ce consentement, vous acceptez que les copies des informations du site web conservent tous les droits d&#8217;auteur et autres avis de propri\u00e9t\u00e9 et que vous ne modifiiez pas les informations du site web de quelque mani\u00e8re que ce soit. Sauf si votre utilisation constitue un &#8220;usage loyal&#8221; au sens de la l\u00e9gislation sur les droits d&#8217;auteur, vous n&#8217;\u00eates pas autoris\u00e9 \u00e0 utiliser, t\u00e9l\u00e9charger, copier, imprimer, afficher, ex\u00e9cuter, reproduire, publier ou distribuer les informations du site web, en tout ou en partie, sans l&#8217;accord \u00e9crit pr\u00e9alable de FMH Conveyors.<\/p>\n<p>L&#8217;utilisation de ce site web est subordonn\u00e9e au fait que vous n&#8217;utiliserez pas le site web ou les informations du site web \u00e0 des fins ill\u00e9gales ou interdites par les pr\u00e9sentes conditions d&#8217;utilisation. Vous n&#8217;utiliserez pas ce site Web d&#8217;une mani\u00e8re susceptible d&#8217;endommager, de d\u00e9sactiver, de surcharger ou d&#8217;entraver le fonctionnement de ce site Web ou son utilisation par des tiers.<\/p>\n<p>Certaines informations restreintes sur les produits sont disponibles sur ce site web uniquement pour les clients licenci\u00e9s de FMH Conveyors qui sont enregistr\u00e9s pour recevoir des informations via des mots de passe d\u00e9livr\u00e9s par FMH Conveyors Ces informations restreintes sont consid\u00e9r\u00e9es comme des informations confidentielles et propri\u00e9taires de FMH Conveyors Si vous \u00eates un client enregistr\u00e9 ou un repr\u00e9sentant d&#8217;un client enregistr\u00e9, FMH Conveyors vous autorise \u00e0 t\u00e9l\u00e9charger, copier, distribuer et utiliser les informations restreintes pour vous-m\u00eame, La d\u00e9livrance d&#8217;un mot de passe d&#8217;enregistrement est conditionn\u00e9e par l&#8217;utilisation par le client des informations conform\u00e9ment aux termes de son contrat de licence ou de service avec FMH Conveyors Vous ne devez pas transf\u00e9rer votre mot de passe \u00e0 des parties non autoris\u00e9es. Vous informerez imm\u00e9diatement FMH Conveyors de toute utilisation non autoris\u00e9e de votre mot de passe. Vous \u00eates responsable de l&#8217;utilisation de votre mot de passe. Vous ne tenterez pas d&#8217;obtenir un acc\u00e8s non autoris\u00e9 \u00e0 toute information ou zone du site web.<\/p>\n<p>Certaines informations disponibles sur ce site Web sont fournies par d&#8217;autres parties, en particulier des informations sur ces autres parties. Vous comprenez que l&#8217;ensemble de ces informations, donn\u00e9es, textes, logiciels, musiques, sons, photographies, graphiques, vid\u00e9os, messages ou autres mat\u00e9riels rel\u00e8vent de la seule responsabilit\u00e9 de leur auteur et que FMH Conveyors n&#8217;est pas responsable de ce contenu et n&#8217;en garantit pas l&#8217;exactitude, l&#8217;int\u00e9grit\u00e9 ou la qualit\u00e9. L&#8217;inclusion d&#8217;une d\u00e9claration concernant une autre partie, d&#8217;une r\u00e9f\u00e9rence \u00e0 cette autre partie ou d&#8217;un lien vers le site web d&#8217;une autre partie ne constitue en aucun cas une approbation de cette autre partie, de ses produits ou de ses services.<\/p>\n<p>Vous pouvez cr\u00e9er un lien vers la page d&#8217;accueil de FMH Conveyors, mais vous n&#8217;\u00eates pas autoris\u00e9 \u00e0 cr\u00e9er un lien vers une autre page du site web de FMH Conveyors sans l&#8217;accord \u00e9crit pr\u00e9alable de FMH Conveyors, \u00e9tant entendu que FMH Conveyors se r\u00e9serve le droit de retirer cet accord \u00e0 tout moment et \u00e0 sa discr\u00e9tion. Vous ne pouvez utiliser aucun des logos, marques ou autres \u00e9l\u00e9ments graphiques, vid\u00e9o ou audio appartenant \u00e0 FMH Conveyors dans vos liens. Vous ne pouvez pas cr\u00e9er de liens d&#8217;une mani\u00e8re raisonnablement susceptible 1) d&#8217;impliquer une affiliation avec FMH Conveyors ou une approbation ou un parrainage par FMH Conveyors ; 2) de causer une confusion, une erreur ou une tromperie ; 3) de diluer les marques commerciales, les marques de service ou les noms commerciaux de FMH Conveyors ; ou 4) d&#8217;enfreindre de quelque mani\u00e8re que ce soit la loi en vigueur.<\/p>\n<p>FMH Conveyors ne fait aucune d\u00e9claration ou promesse de d\u00e9veloppement, de fourniture ou de commercialisation de tout logiciel, service ou produit discut\u00e9 sur ce site web, et vous ne devez pas vous fier aux informations fournies ou \u00e0 la perspective de disponibilit\u00e9 de tout logiciel, service ou produit actuellement en cours de d\u00e9veloppement ou actuellement pr\u00e9vu pour \u00eatre mis \u00e0 disposition \u00e0 l&#8217;avenir.<\/p>\n<p>Les informations du site web peuvent faire r\u00e9f\u00e9rence \u00e0 des produits, programmes ou services qui ne sont pas disponibles dans votre pays. Consultez votre repr\u00e9sentant FMH Conveyors pour obtenir des informations sur les produits, programmes et services qui peuvent \u00eatre mis \u00e0 votre disposition.<\/p>\n<p>Tout logiciel disponible pour le t\u00e9l\u00e9chargement \u00e0 partir de ce site Web est la propri\u00e9t\u00e9 prot\u00e9g\u00e9e par le droit d&#8217;auteur de FMH Conveyors et\/ou de ses fournisseurs. Toute utilisation ou reproduction d&#8217;un tel logiciel et les garanties relatives \u00e0 ce logiciel, le cas \u00e9ch\u00e9ant, sont r\u00e9gies par les termes de l&#8217;accord de licence applicable \u00e0 ce logiciel. Toute utilisation d&#8217;un autre produit ou service et les garanties relatives \u00e0 ce produit ou service achet\u00e9 par vous en utilisant ou en relation avec ce site web, le cas \u00e9ch\u00e9ant, sont r\u00e9gies par les termes de l&#8217;accord applicable \u00e0 ce produit ou service.<\/p>\n","protected":false},"excerpt":{"rendered":"<p>&nbsp; ATTENTION : VEUILLEZ LIRE ATTENTIVEMENT LA PR\u00c9SENTE D\u00c9CLARATION AVANT D&#8217;UTILISER [nom du site] (CE &#8220;SITE WEB&#8221;). L&#8217;UTILISATION DE CE SITE WEB IMPLIQUE L&#8217;ACCEPTATION DE LA PR\u00c9SENTE D\u00c9CLARATION DE DROITS D&#8217;AUTEUR ET DES CONDITIONS D&#8217;UTILISATION (COLLECTIVEMENT, LES &#8220;CONDITIONS D&#8217;UTILISATION&#8221;). SI VOUS N&#8217;ACCEPTEZ PAS CES CONDITIONS D&#8217;UTILISATION, N&#8217;UTILISEZ PAS CE SITE WEB. Le se r\u00e9serve le <a href=\"https:\/\/fmhconveyors.com\/fr-in\/conditions-d-utilisation\/\" class=\"more-link\">&#8230;<span class=\"screen-reader-text\">  Conditions d&#8217;utilisation<\/span><\/a><\/p>\n","protected":false},"author":7,"featured_media":0,"parent":0,"menu_order":230,"comment_status":"closed","ping_status":"closed","template":"page--template_legal.php","meta":{"_acf_changed":false,"inline_featured_image":false,"footnotes":""},"class_list":["post-13256","page","type-page","status-publish","hentry"],"acf":[],"_links":{"self":[{"href":"https:\/\/fmhconveyors.com\/fr-in\/wp-json\/wp\/v2\/pages\/13256","targetHints":{"allow":["GET"]}}],"collection":[{"href":"https:\/\/fmhconveyors.com\/fr-in\/wp-json\/wp\/v2\/pages"}],"about":[{"href":"https:\/\/fmhconveyors.com\/fr-in\/wp-json\/wp\/v2\/types\/page"}],"author":[{"embeddable":true,"href":"https:\/\/fmhconveyors.com\/fr-in\/wp-json\/wp\/v2\/users\/7"}],"replies":[{"embeddable":true,"href":"https:\/\/fmhconveyors.com\/fr-in\/wp-json\/wp\/v2\/comments?post=13256"}],"version-history":[{"count":3,"href":"https:\/\/fmhconveyors.com\/fr-in\/wp-json\/wp\/v2\/pages\/13256\/revisions"}],"predecessor-version":[{"id":13259,"href":"https:\/\/fmhconveyors.com\/fr-in\/wp-json\/wp\/v2\/pages\/13256\/revisions\/13259"}],"wp:attachment":[{"href":"https:\/\/fmhconveyors.com\/fr-in\/wp-json\/wp\/v2\/media?parent=13256"}],"curies":[{"name":"wp","href":"https:\/\/api.w.org\/{rel}","templated":true}]}}