{"id":8833,"date":"2021-04-11T22:35:43","date_gmt":"2021-04-11T22:35:43","guid":{"rendered":"https:\/\/fmhconveyors.com\/terms-of-use\/"},"modified":"2022-06-28T16:21:16","modified_gmt":"2022-06-28T15:21:16","slug":"terms-of-use","status":"publish","type":"page","link":"https:\/\/fmhconveyors.com\/es-in\/condiciones-de-uso\/","title":{"rendered":"Condiciones de uso"},"content":{"rendered":"<p>ATENCI\u00d3N: LEA CUIDADOSAMENTE ESTA DECLARACI\u00d3N ANTES DE UTILIZAR [nombre del sitio] (ESTE &#8220;SITIO WEB&#8221;). SU USO DE ESTE SITIO WEB CONSTITUYE SU ACEPTACI\u00d3N DE ESTA DECLARACI\u00d3N DE DERECHOS DE AUTOR Y DE LAS CONDICIONES DE USO (COLECTIVAMENTE, &#8220;CONDICIONES DE USO&#8221;). SI NO ACEPTA ESTAS CONDICIONES DE USO, NO UTILICE ESTE SITIO WEB.<\/p>\n<p>FMH Conveyors se reserva el derecho de modificar estas condiciones de uso sin previo aviso y cualquier modificaci\u00f3n entrar\u00e1 en vigor cuando se publique aqu\u00ed. FMH Conveyors puede, en cualquier momento, a su discreci\u00f3n, poner fin a su acceso a este sitio web. El acceso al sitio web puede ser supervisado por FMH Conveyors Si usted accede a este sitio web como representante de una organizaci\u00f3n, estas condiciones de uso le vinculan tanto a usted como a la organizaci\u00f3n y las referencias a &#8220;usted&#8221; y &#8220;su&#8221; se interpretar\u00e1n como aplicables a usted y a la organizaci\u00f3n.<\/p>\n<p>Aunque FMH Conveyors mantiene la protecci\u00f3n de los derechos de autor de todo el material, la informaci\u00f3n y las publicaciones (colectivamente, &#8220;informaci\u00f3n del sitio web&#8221;) que coloca en este sitio web, FMH Conveyors consiente la descarga, la copia y la distribuci\u00f3n normales de la informaci\u00f3n con fines no comerciales por parte de usted o dentro de su organizaci\u00f3n \u00fanicamente. En consideraci\u00f3n a este consentimiento, usted acepta que las copias de la informaci\u00f3n del sitio web mantendr\u00e1n todos los derechos de autor y otros avisos de propiedad y que no modificar\u00e1 la informaci\u00f3n del sitio web de ninguna manera. Salvo en los casos en que su uso constituya un &#8220;uso justo&#8221; en virtud de la ley de derechos de autor, no podr\u00e1 utilizar, descargar, cargar, copiar, imprimir, mostrar, ejecutar, reproducir, publicar o distribuir de otro modo la informaci\u00f3n del sitio web, en su totalidad o en parte, sin el consentimiento previo por escrito de FMH Conveyors.<\/p>\n<p>Como condici\u00f3n para el uso de este sitio web, usted no utilizar\u00e1 el sitio web o la informaci\u00f3n del sitio web para ning\u00fan prop\u00f3sito que sea ilegal o est\u00e9 prohibido por estas condiciones de uso. No utilizar\u00e1 este sitio web de ninguna manera que pueda da\u00f1ar, deshabilitar, sobrecargar o perjudicar el funcionamiento de este sitio web o su uso por parte de terceros.<\/p>\n<p>Cierta informaci\u00f3n restringida del producto est\u00e1 disponible en este sitio web s\u00f3lo para los clientes autorizados de FMH Conveyors que est\u00e1n registrados para recibir informaci\u00f3n a trav\u00e9s de contrase\u00f1as emitidas por FMH Conveyors Esta informaci\u00f3n restringida se considera informaci\u00f3n confidencial y de propiedad de FMH Conveyors Si usted es un cliente registrado o un representante de un cliente registrado, FMH Conveyors le autoriza a descargar, copiar, distribuir y utilizar la informaci\u00f3n restringida para s\u00ed mismo o, en su caso, s\u00f3lo dentro de la organizaci\u00f3n del cliente, y s\u00f3lo para los fines previstos autorizados por FMH Conveyors La emisi\u00f3n de una contrase\u00f1a de registro est\u00e1 condicionada al uso de la informaci\u00f3n por parte del cliente de acuerdo con los t\u00e9rminos de su acuerdo de licencia o servicio con FMH Conveyors Usted no transferir\u00e1 su contrase\u00f1a a partes no autorizadas. Notificar\u00e1 inmediatamente a FMH Conveyors cualquier uso no autorizado de su contrase\u00f1a. Usted es responsable del uso de su contrase\u00f1a. No intentar\u00e1 obtener acceso no autorizado a ninguna informaci\u00f3n o \u00e1rea de este sitio web.<\/p>\n<p>Cierta informaci\u00f3n disponible en este sitio web es proporcionada por otras partes, en particular la informaci\u00f3n sobre dichas partes. Usted entiende que toda esa informaci\u00f3n, datos, texto, software, m\u00fasica, sonido, fotograf\u00edas, gr\u00e1ficos, v\u00eddeo, mensajes u otros materiales, son responsabilidad exclusiva de la parte que los origina y que FMH Conveyors no tiene ninguna responsabilidad sobre dicho contenido y no garantiza la exactitud, integridad o calidad del mismo. En ning\u00fan caso la inclusi\u00f3n de una declaraci\u00f3n sobre otra parte, una referencia a dicha parte o un enlace web al sitio web de otra parte supone un respaldo a dicha parte, sus productos o sus servicios.<\/p>\n<p>Usted puede enlazar con la p\u00e1gina principal de FMH Conveyors, pero no est\u00e1 autorizado a enlazar con ninguna otra p\u00e1gina del sitio web de FMH Conveyors sin el previo consentimiento expreso y por escrito de FMH Conveyors, siempre y cuando FMH Conveyors se reserve el derecho a retirar este consentimiento en cualquier momento a su discreci\u00f3n. El usuario no podr\u00e1 utilizar en sus enlaces ning\u00fan logotipo, marca u otro material gr\u00e1fico, de v\u00eddeo o de audio de propiedad de FMH Conveyors. No est\u00e1 permitido enlazar de ninguna manera que razonablemente pueda 1) implicar una afiliaci\u00f3n con FMH Conveyors o su respaldo o patrocinio; 2) causar confusi\u00f3n, error o enga\u00f1o; 3) diluir las marcas comerciales, marcas de servicio o nombres comerciales de FMH Conveyors; o 4) violar de alguna manera la ley aplicable.<\/p>\n<p>FMH Conveyors no representa ni promete desarrollar, proporcionar o comercializar ning\u00fan software, servicio o producto discutido en este sitio web, y usted no debe confiar en la informaci\u00f3n proporcionada o en la perspectiva de disponibilidad de cualquier software, servicio o producto actualmente en desarrollo o que se prevea que est\u00e9 disponible en el futuro.<\/p>\n<p>La informaci\u00f3n del sitio web puede referirse a productos, programas o servicios que no est\u00e1n disponibles en su pa\u00eds. Consulte a su representante de [nombre del sitio] para obtener informaci\u00f3n sobre los productos, programas y servicios que pueden estar disponibles para usted.<\/p>\n<p>Todo el software disponible para su descarga en este sitio web es propiedad de FMH Conveyors y\/o sus proveedores. Cualquier uso o reproducci\u00f3n de dicho software y las garant\u00edas relativas a dicho software, si las hay, se rigen por los t\u00e9rminos del acuerdo de licencia aplicable a dicho software. Cualquier uso de cualquier otro producto o servicio y las garant\u00edas relativas a dicho producto o servicio adquirido por usted utilizando, o en relaci\u00f3n con, este sitio web, en su caso, se rige por los t\u00e9rminos del acuerdo aplicable a dicho producto o servicio.<\/p>\n","protected":false},"excerpt":{"rendered":"<p>ATENCI\u00d3N: LEA CUIDADOSAMENTE ESTA DECLARACI\u00d3N ANTES DE UTILIZAR [nombre del sitio] (ESTE &#8220;SITIO WEB&#8221;). SU USO DE ESTE SITIO WEB CONSTITUYE SU ACEPTACI\u00d3N DE ESTA DECLARACI\u00d3N DE DERECHOS DE AUTOR Y DE LAS CONDICIONES DE USO (COLECTIVAMENTE, &#8220;CONDICIONES DE USO&#8221;). SI NO ACEPTA ESTAS CONDICIONES DE USO, NO UTILICE ESTE SITIO WEB. se reserva el <a href=\"https:\/\/fmhconveyors.com\/es-in\/condiciones-de-uso\/\" class=\"more-link\">&#8230;<span class=\"screen-reader-text\">  Condiciones de uso<\/span><\/a><\/p>\n","protected":false},"author":7,"featured_media":0,"parent":0,"menu_order":227,"comment_status":"closed","ping_status":"closed","template":"page--template_legal.php","meta":{"_acf_changed":false,"inline_featured_image":false,"footnotes":""},"class_list":["post-8833","page","type-page","status-publish","hentry"],"acf":[],"_links":{"self":[{"href":"https:\/\/fmhconveyors.com\/es-in\/wp-json\/wp\/v2\/pages\/8833","targetHints":{"allow":["GET"]}}],"collection":[{"href":"https:\/\/fmhconveyors.com\/es-in\/wp-json\/wp\/v2\/pages"}],"about":[{"href":"https:\/\/fmhconveyors.com\/es-in\/wp-json\/wp\/v2\/types\/page"}],"author":[{"embeddable":true,"href":"https:\/\/fmhconveyors.com\/es-in\/wp-json\/wp\/v2\/users\/7"}],"replies":[{"embeddable":true,"href":"https:\/\/fmhconveyors.com\/es-in\/wp-json\/wp\/v2\/comments?post=8833"}],"version-history":[{"count":3,"href":"https:\/\/fmhconveyors.com\/es-in\/wp-json\/wp\/v2\/pages\/8833\/revisions"}],"predecessor-version":[{"id":9310,"href":"https:\/\/fmhconveyors.com\/es-in\/wp-json\/wp\/v2\/pages\/8833\/revisions\/9310"}],"wp:attachment":[{"href":"https:\/\/fmhconveyors.com\/es-in\/wp-json\/wp\/v2\/media?parent=8833"}],"curies":[{"name":"wp","href":"https:\/\/api.w.org\/{rel}","templated":true}]}}