{"id":8832,"date":"2021-04-11T22:34:30","date_gmt":"2021-04-11T22:34:30","guid":{"rendered":"https:\/\/fmhconveyors.com\/privacy-policy\/"},"modified":"2023-12-12T13:03:19","modified_gmt":"2023-12-12T12:03:19","slug":"privacy-policy","status":"publish","type":"page","link":"https:\/\/fmhconveyors.com\/es-in\/politica-de-privacidad\/","title":{"rendered":"Pol\u00edtica de Privacidad Global de Duravant LLC"},"content":{"rendered":"<h2>Pol\u00edtica de Privacidad Global de Duravant LLC<\/h2>\n<p>Duravant LLC y sus filiales directas e indirectas y cada uno de sus directivos, responsables, empleados y representantes autorizados (colectivamente, \u00abDuravant\u00bb) respetan su privacidad. Esta Pol\u00edtica de Privacidad Global describe los tipos de informaci\u00f3n personal que recopilamos, c\u00f3mo usamos esa informaci\u00f3n, con qui\u00e9n la compartimos y las opciones que tiene respecto a nuestro uso de su informaci\u00f3n. Tambi\u00e9n describimos las medidas que tomamos para proteger la seguridad de la informaci\u00f3n y c\u00f3mo puede ponerse en contacto con nosotros en referencia a nuestras pr\u00e1cticas de privacidad. Nuestras pr\u00e1cticas de privacidad pueden variar entre los pa\u00edses en los que operamos para reflejar las pr\u00e1cticas locales y sus requisitos legales. Tal y como se utiliza en este documento, todas las referencias al \u00abSitio web\u00bb pueden incluir (individualmente, todos o en cualquier combinaci\u00f3n) los sitios web de Duravant y de nuestras filiales directas e indirectas y cualquier otro sitio web producido, gestionado y mantenido por Duravant. La lista actual de sitios web de Duravant est\u00e1 disponible aqu\u00ed. El env\u00edo de informaci\u00f3n es estrictamente voluntario. Al hacerlo, usted autoriza a Duravant a utilizar la informaci\u00f3n de acuerdo con esta Pol\u00edtica Global de Privacidad. Si no desea conceder permiso a Duravant para utilizar su informaci\u00f3n, simplemente no la facilite. Sin embargo, si no proporciona determinada informaci\u00f3n Duravant no podr\u00e1 proporcionarle la informaci\u00f3n o los servicios que desea.<\/p>\n<h3>SU CONSENTIMIENTO<\/h3>\n<p>Duravant recopila informaci\u00f3n sobre usted de fuentes diversas. Por ejemplo, podemos tener una relaci\u00f3n directa con usted y usted puede elegir proporcionarnos informaci\u00f3n personal en conexi\u00f3n con esa relaci\u00f3n. Puede elegir proporcionarnos informaci\u00f3n, por ejemplo, en nuestros Sitios Web en relaci\u00f3n con el uso de nuestros productos, servicios o aplicaciones de software, cuando participa en una oferta o promoci\u00f3n o a trav\u00e9s de una relaci\u00f3n comercial o laboral real o potencial con nosotros. Tambi\u00e9n podemos obtener informaci\u00f3n sobre usted de empresas que utilicen nuestros productos o servicios, sistemas de informaci\u00f3n a disposici\u00f3n del p\u00fablico, agencias de informaci\u00f3n al consumidor y servicios de informaci\u00f3n comercial. Los tipos de informaci\u00f3n personal que podemos obtener son:<\/p>\n<p>\u00a0 \u00a0 \u00a0\u2022 Informaci\u00f3n de contacto (como nombre, direcci\u00f3n postal o de correo electr\u00f3nico y n\u00famero de tel\u00e9fono o fax)<br \/>\n\u00a0 \u00a0 \u00a0\u2022 Informaci\u00f3n de contacto comercial (como cargo, departamento, nombre de la organizaci\u00f3n, direcci\u00f3n comercial, direcci\u00f3n de correo electr\u00f3nico o n\u00famero de tel\u00e9fono m\u00f3vil)<br \/>\n\u00a0 \u00a0 \u00a0\u2022 Informaci\u00f3n sobre el pa\u00eds de origen (desde qu\u00e9 pa\u00eds accede al sitio web)<br \/>\n\u00a0 \u00a0 \u00a0\u2022 Nombres de usuario y contrase\u00f1as utilizados para acceder a los recursos de Duravant<br \/>\n\u00a0 \u00a0 \u00a0\u2022 Informaci\u00f3n financiera (como informaci\u00f3n de cuentas financieras utilizadas para realizar pagos o informaci\u00f3n que pueda figurar en un informe de consumidor)<br \/>\n\u00a0 \u00a0 \u00a0\u2022 Informaci\u00f3n de contacto para referencias u otras personas con las que desee que nos pongamos en contacto<br \/>\n\u00a0 \u00a0 \u00a0\u2022 Contenido proporcionado por usted (como fotograf\u00edas, art\u00edculos y comentarios)<br \/>\n\u00a0 \u00a0 \u00a0\u2022 Informaci\u00f3n laboral (como historial laboral, n\u00famero de empleado, evaluaciones de rendimiento, salario y prestaciones)<br \/>\n\u00a0 \u00a0 \u00a0\u2022 Identificador \u00fanico de dispositivo m\u00f3vil<br \/>\n\u00a0 \u00a0 \u00a0\u2022 Identificador de redes sociales (como Facebook, LinkedIn o Twitter)<br \/>\n\u00a0 \u00a0 \u00a0\u2022 Datos de geolocalizaci\u00f3n<br \/>\n\u00a0 \u00a0 \u00a0\u2022 Otra informaci\u00f3n (como preferencias de idioma)<\/p>\n<p>Tambi\u00e9n recopilamos cierta informaci\u00f3n por medios automatizados. Por ejemplo, recopilamos informaci\u00f3n que nos env\u00eda autom\u00e1ticamente su navegador web cuando visita nuestros sitios web o a trav\u00e9s del software de aplicaciones que ha descargado. Esta informaci\u00f3n suele incluir su direcci\u00f3n IP, la identidad de su proveedor de servicios de internet, el nombre y la versi\u00f3n de su sistema operativo, el nombre y la versi\u00f3n de su navegador, la fecha y hora de su visita, las p\u00e1ginas que visita, su ubicaci\u00f3n y el identificador \u00fanico de su dispositivo m\u00f3vil. Tambi\u00e9n utilizamos &#8220;cookies&#8221; y otras tecnolog\u00edas web para recopilar informaci\u00f3n y apoyar determinadas funciones de nuestros sitios web. Por ejemplo, podemos utilizar estas tecnolog\u00edas para recopilar informaci\u00f3n sobre la forma en que los visitantes utilizan este sitio: qu\u00e9 p\u00e1ginas visitan, qu\u00e9 enlaces utilizan y cu\u00e1nto tiempo permanecen en cada p\u00e1gina. La informaci\u00f3n que recogemos de su navegador web y de las cookies y otras tecnolog\u00edas web no le identifica personalmente, pero en algunos casos podemos vincularla a informaci\u00f3n que le identifique personalmente.<\/p>\n<h3>C\u00d3MO UTILIZAMOS LA INFORMACI\u00d3N QUE RECOPILAMOS<\/h3>\n<p>Podemos utilizar la informaci\u00f3n que obtenemos sobre usted para:<\/p>\n<p>\u00a0 \u00a0 \u00a0\u2022 Proporcionarle la informaci\u00f3n, los productos y los servicios que solicite<br \/>\n\u00a0 \u00a0 \u00a0\u2022 Proporcionarle, si es usted consumidor, un servicio eficaz de atenci\u00f3n al cliente<br \/>\n\u00a0 \u00a0 \u00a0\u2022 Proporcionar a nuestros clientes y transportistas informaci\u00f3n sobre el env\u00edo (por ejemplo, la ubicaci\u00f3n)<br \/>\n\u00a0 \u00a0 \u00a0\u2022 Proporcionarle una experiencia personalizada cuando utilice nuestros sitios web<br \/>\n\u00a0 \u00a0 \u00a0\u2022 Ponernos en contacto con usted para enviarle ofertas especiales y otra informaci\u00f3n que consideremos de su inter\u00e9s (de acuerdo con las preferencias de privacidad que nos haya manifestado)<br \/>\n\u00a0 \u00a0 \u00a0\u2022 Ponernos en contacto con usted con informaci\u00f3n y avisos relacionados con su uso de nuestros productos y servicios, incluidos nuestros sitios web<br \/>\n\u00a0 \u00a0 \u00a0\u2022 Invitarle a participar en encuestas y a hacernos llegar sus comentarios (de acuerdo con las preferencias de privacidad que nos haya manifestado)<br \/>\n\u00a0 \u00a0 \u00a0\u2022 Comprender mejor sus necesidades e intereses<br \/>\n\u00a0 \u00a0 \u00a0\u2022 Mejorar nuestros productos y servicios y desarrollar nuevos productos y servicios<br \/>\n\u00a0 \u00a0 \u00a0\u2022 Mejorar nuestros esfuerzos de marketing y promoci\u00f3n<br \/>\n\u00a0 \u00a0 \u00a0\u2022 Mejorar el contenido, la funcionalidad y la facilidad de uso de los sitios web<br \/>\n\u00a0 \u00a0 \u00a0\u2022 Evaluar su inter\u00e9s en el empleo y ponernos en contacto con usted en relaci\u00f3n con un posible empleo en Duravant<br \/>\n\u00a0 \u00a0 \u00a0\u2022 Ayudarle a usted, si es empleado de Duravant, a desempe\u00f1ar sus funciones laborales y a gestionar nuestra plantilla<br \/>\n\u00a0 \u00a0 \u00a0\u2022 Hacer cumplir las condiciones de uso de nuestros sitios web<br \/>\n\u00a0 \u00a0 \u00a0\u2022 Promover el cumplimiento de los requisitos legales aplicables, las normas del sector y las pol\u00edticas corporativas<br \/>\n\u00a0 \u00a0 \u00a0\u2022 Promover la seguridad, proteger y prevenir fraudes, reclamaciones y otras responsabilidades. Gestionar la exposici\u00f3n al riesgo corporativo y utilizarla para cualquier otro fin que notifiquemos en el momento de la recogida.<\/p>\n<p>Almacenamos la informaci\u00f3n personal que recopilamos sobre usted hasta que determinamos que esa informaci\u00f3n ya no tiene utilidad.<\/p>\n<h3>INFORMACI\u00d3N QUE COMPARTIMOS<\/h3>\n<p>No divulgamos la informaci\u00f3n personal que recopilamos sobre usted, salvo en los casos descritos en este documento o que se le comuniquen en el momento de recopilar los datos.<\/p>\n<p>Compartimos informaci\u00f3n para realizar actividades que nos solicita. Por ejemplo, podemos compartir la informaci\u00f3n personal que recopilamos con nuestras filiales, o para cooperar con una investigaci\u00f3n policial o reglamentaria autorizada.<\/p>\n<p>Si usted nos presta servicios directa o indirectamente y utiliza una aplicaci\u00f3n proporcionada por nosotros, podemos recopilar informaci\u00f3n con el fin de proporcionar informaci\u00f3n a nuestros transportistas y clientes.<\/p>\n<p>Tambi\u00e9n podemos compartir su informaci\u00f3n personal con terceros proveedores que realicen tareas en nuestro nombre y bajo nuestras instrucciones. Estos proveedores externos pueden utilizar su informaci\u00f3n personal \u00fanicamente en relaci\u00f3n con los servicios que prestan en nuestro nombre y est\u00e1n obligados a proteger su informaci\u00f3n personal de forma coherente con nuestras propias pol\u00edticas y pr\u00e1cticas.<\/p>\n<p>En nuestros sitios web, puede tener la oportunidad de publicar contenido generado por el usuario utilizando las herramientas de redes sociales disponibles en dichos sitios. Si aprovecha esta oportunidad, recuerde que el contenido generado por el usuario que publique est\u00e1 a disposici\u00f3n de otras personas que visiten el Sitio Web y, por lo tanto, no debe tener ninguna expectativa de privacidad con respecto a dicho contenido. Adem\u00e1s, puede optar por utilizar determinadas funciones de nuestros sitios web para las que nos asociamos con otras entidades. Estas funciones, que pueden incluir redes sociales y herramientas de localizaci\u00f3n geogr\u00e1fica, est\u00e1n gestionadas por terceros que no est\u00e1n afiliados a Duravant. Estos terceros pueden utilizar la informaci\u00f3n personal de acuerdo con sus propias pol\u00edticas de privacidad. En los sitios web en los que se ofrecen estas funciones, se identifican a los terceros correspondientes. Le recomendamos encarecidamente que consulte las pol\u00edticas de privacidad de los terceros si utiliza las funciones en cuesti\u00f3n.<\/p>\n<p>Tambi\u00e9n podemos revelar informaci\u00f3n sobre usted cuando, de buena fe, creamos que es apropiado hacerlo para cumplir la ley, una orden judicial o una citaci\u00f3n. Tambi\u00e9n podemos revelar informaci\u00f3n sobre usted para prevenir o investigar un posible delito, como fraude o usurpaci\u00f3n de identidad; para proteger la seguridad de nuestros sitios web; para hacer cumplir o aplicar las condiciones de uso de nuestros sitios web u otros acuerdos, para proteger nuestros propios derechos y propiedad o los derechos, propiedad y seguridad de nuestros usuarios u otros.<\/p>\n<p>Tambi\u00e9n nos reservamos el derecho a transferir informaci\u00f3n sobre usted a una organizaci\u00f3n sucesora si, por ejemplo, transferimos la propiedad o el funcionamiento de uno de nuestros sitios web a otra organizaci\u00f3n o si nos fusionamos con otra organizaci\u00f3n. Si se produce dicha transferencia, haremos todo lo razonablemente posible para que el cesionario utilice la informaci\u00f3n personal que usted nos ha proporcionado de forma coherente con esta pol\u00edtica. Tras dicha venta o transferencia, puede ponerse en contacto con la entidad a la que hayamos transferido su informaci\u00f3n personal para realizar cualquier consulta relativa al tratamiento de dicha informaci\u00f3n.<\/p>\n<h3>SUS DERECHOS Y OPCIONES<\/h3>\n<p>Usted puede tener ciertos derechos en relaci\u00f3n con la informaci\u00f3n personal que mantenemos sobre usted. Le ofrecemos ciertas opciones sobre qu\u00e9 informaci\u00f3n personal recopilamos de usted, c\u00f3mo utilizamos esa informaci\u00f3n y c\u00f3mo nos comunicamos con usted.<\/p>\n<p>Puede abstenerse de enviarnos informaci\u00f3n directamente, aunque hacerlo puede afectar a nuestra capacidad para proporcionarle los productos, servicios e informaci\u00f3n que solicite o afectar a su capacidad para utilizar el software de aplicaciones.<\/p>\n<p>Puede optar por que no se asigne un n\u00famero de identificaci\u00f3n de cookie \u00fanico a su ordenador para evitar la agregaci\u00f3n y el an\u00e1lisis de los datos recogidos en nuestros Sitios Web. Por lo general, si no desea recibir cookies, puede configurar su navegador para que las rechace o para que le avise cuando se coloque una cookie en su ordenador. Aunque no est\u00e1 obligado a aceptar las cookies cuando visita nuestros sitios web, es posible que no pueda utilizar todas las funciones de nuestros sitios si su navegador rechaza nuestras cookies.<br \/>\nNormalmente le ofrecemos la oportunidad de elegir si desea recibir determinadas comunicaciones nuestras, generalmente ofreci\u00e9ndole una &#8220;opci\u00f3n de aceptaci\u00f3n&#8221; o una &#8220;opci\u00f3n de exclusi\u00f3n&#8221; en funci\u00f3n de la legislaci\u00f3n aplicable, cuando facilita por primera vez informaci\u00f3n de contacto a trav\u00e9s de uno de nuestros sitios web. Adem\u00e1s, incluiremos un enlace de &#8220;cancelaci\u00f3n de suscripci\u00f3n&#8221; en cada bolet\u00edn electr\u00f3nico o correo electr\u00f3nico promocional que le enviemos para que pueda informarnos de que no desea recibir dichas comunicaciones nuestras en el futuro.<\/p>\n<p>Cuando acepte las condiciones de uso o el acuerdo de licencia de usuario final de las aplicaciones de software, deber\u00e1 aceptar la recopilaci\u00f3n de datos de su dispositivo m\u00f3vil para que las aplicaciones de software funcionen correctamente.<\/p>\n<p>Si se encuentra en el Espacio Econ\u00f3mico Europeo o en Suiza, estas jurisdicciones definen los datos personales de forma m\u00e1s amplia que en Estados Unidos. A efectos de estas jurisdicciones, por datos personales se entiende cualquier informaci\u00f3n relativa a una persona identificada o identificable. Puede indicarnos que no compartamos sus datos personales con terceros, excepto (i) con proveedores de servicios que hayamos contratado para prestar servicios en nuestro nombre, (ii) en caso de que vendamos o transfiramos la totalidad o una parte de nuestro negocio o activos, (iii) si la ley o un proceso legal exige su divulgaci\u00f3n, (iv) con autoridades policiales u otros funcionarios del gobierno, o (v) cuando creamos que la divulgaci\u00f3n es necesaria o apropiada para evitar da\u00f1os f\u00edsicos o p\u00e9rdidas financieras, o en relaci\u00f3n con una investigaci\u00f3n de fraude presunto o real u otra actividad ilegal. Si se encuentra en el Espacio Econ\u00f3mico Europeo o en Suiza, utilizamos sus datos personales \u00fanicamente para los fines indicados en esta pol\u00edtica, a menos que tengamos una base legal, como el consentimiento, para utilizarlos para otros fines. Cuando lo exija la ley, Duravant obtendr\u00e1 su consentimiento previo en el momento de la recogida para el tratamiento de (i) datos personales con fines de marketing y (ii) datos personales considerados sensibles de conformidad con la legislaci\u00f3n aplicable.<\/p>\n<p>Sujeto a la ley aplicable, usted puede tener derecho a solicitar acceso y recibir informaci\u00f3n sobre los datos personales que mantenemos sobre usted, actualizar y corregir inexactitudes en sus datos personales, y hacer que la informaci\u00f3n sea bloqueada o eliminada, seg\u00fan corresponda. Responderemos a dichas solicitudes en un plazo razonable y, en cualquier caso, dentro de los plazos establecidos por la legislaci\u00f3n aplicable. Podemos pedirle informaci\u00f3n adicional para verificar su identidad. En la mayor\u00eda de los casos, facilitaremos el acceso y corregiremos o borraremos cualquier informaci\u00f3n inexacta que descubra. En algunos casos, sin embargo, podemos limitar o denegar su solicitud si la ley nos lo permite o exige o si no podemos verificar su identidad.<\/p>\n<p>Para actualizar sus preferencias, pedir que eliminemos su informaci\u00f3n de nuestras listas de correo o enviarnos una solicitud, p\u00f3ngase en contacto con nosotros como se especifica a continuaci\u00f3n.<\/p>\n<h3>TRANSFERENCIAS DE DATOS<\/h3>\n<p>Podemos transferir los datos personales que recopilamos sobre usted a pa\u00edses distintos del pa\u00eds en el que se recopil\u00f3 originalmente la informaci\u00f3n. Es posible que esos pa\u00edses no tengan la misma legislaci\u00f3n en materia de protecci\u00f3n de datos que el pa\u00eds en el que usted facilit\u00f3 inicialmente la informaci\u00f3n. Cuando transfiramos su informaci\u00f3n a otros pa\u00edses, la protegeremos tal y como se describe en esta pol\u00edtica.<\/p>\n<p>Si se encuentra en el Espacio Econ\u00f3mico Europeo o en Suiza, cumplimos con los requisitos legales aplicables que proporcionan una protecci\u00f3n adecuada para la transferencia de informaci\u00f3n personal a pa\u00edses fuera del EEE o Suiza. Duravant ha certificado que se atiene al Escudo de Privacidad establecido por el Departamento de Comercio de EE.UU. en relaci\u00f3n con la recogida, almacenamiento, uso, transferencia y otros tratamientos de datos personales transferidos desde el EEE o Suiza a Estados Unidos. Haga clic <a href=\"https:\/\/www.duravant.com\/duravant-privacy-shield-privacy-policy.html\">aqu\u00ed<\/a> para consultar nuestra Pol\u00edtica del Escudo de Privacidad. Para m\u00e1s informaci\u00f3n sobre el Escudo de Privacidad, visite <a href=\"http:\/\/www.privacyshield.gov\">www.privacyshield.gov<\/a>.<\/p>\n<p>Las entidades de Duravant que se encuentran <a href=\"https:\/\/www.duravant.com\/pdf\/GDPR-Foreign-Duravant%20Locations-List_09_2023_final.pdf\">aqu\u00ed<\/a> pueden tratar datos personales proporcionados desde los Sitios Web y jurisdicciones fuera de los Estados Unidos o pueden ser consideradas la parte responsable o el Controlador seg\u00fan su legislaci\u00f3n local.<\/p>\n<h3>C\u00d3MO PROTEGEMOS LOS DATOS PERSONALES<\/h3>\n<p>Duravant mantiene medidas razonables y apropiadas para proteger a los Sujetos de Datos de p\u00e9rdidas, uso indebido y acceso no autorizado, divulgaciones, alteraciones y destrucci\u00f3n, teniendo en cuenta el riesgo que implica el tratamiento y la naturaleza de los Datos Personales. Lamentablemente, ning\u00fan sitio, servidor o base de datos es completamente seguro o \u00aba prueba de hackers\u00bb. Por lo tanto, no podemos garantizar que la informaci\u00f3n sobre usted no sea divulgada, utilizada indebidamente o perdida por accidente o por actos no autorizados de terceros.<\/p>\n<h3>USO DE NUESTROS SITIOS WEB POR MENORES DE TRECE A\u00d1OS<\/h3>\n<p>A menos que se indique lo contrario en un sitio concreto, nuestros sitios web no est\u00e1n destinados a menores de trece a\u00f1os sin el permiso de sus progenitores o tutores. Si cree que un menor ha enviado informaci\u00f3n personal identificable en nuestros sitios web o a trav\u00e9s de ellos sin el consentimiento y la supervisi\u00f3n de sus progenitores o tutores, p\u00f3ngase en contacto con nosotros a trav\u00e9s de los datos que se indican a continuaci\u00f3n para que podamos tomar las medidas oportunas.<\/p>\n<h3>ENLACES A OTROS SITIOS WEB<\/h3>\n<p>Nuestras P\u00e1ginas Web pueden proporcionar enlaces a otras p\u00e1ginas para su comodidad e informaci\u00f3n. Estos sitios pueden operar con independencia de Duravant. Los sitios enlazados pueden tener sus propios avisos o pol\u00edticas de privacidad, que le recomendamos encarecidamente que revise. Adem\u00e1s, un enlace a un sitio que no sea de Duravant no significa que Duravant apruebe o acepte responsabilidad alguna por el contenido o el uso de dicho sitio. Depende de usted tomar precauciones para asegurarse de que todo lo que seleccione para su uso est\u00e9 libre de virus, troyanos y otros elementos de naturaleza destructiva. Duravant no se hace responsable de las pr\u00e1cticas de privacidad ni del contenido de otros sitios y, en la medida en que los sitios enlazados que visite no sean propiedad de Duravant ni est\u00e9n bajo su control, no nos hacemos responsables del contenido de dichos sitios, del uso que se haga de ellos ni de las pr\u00e1cticas de privacidad de los mismos.<\/p>\n<h3>ACTUALIZACIONES DE NUESTRA POL\u00cdTICA GLOBAL DE PRIVACIDAD<\/h3>\n<p>La presente Pol\u00edtica describe las pol\u00edticas y pr\u00e1cticas actuales de Duravant en materia de protecci\u00f3n de datos. Nos reservamos el derecho a actualizarla peri\u00f3dicamente para reflejar los cambios en dichas pol\u00edticas y pr\u00e1cticas. Cuando lo hagamos, se lo notificaremos de acuerdo con cualquier obligaci\u00f3n legal de hacerlo y publicaremos la versi\u00f3n revisada detr\u00e1s del enlace marcado como \u00abPol\u00edtica de privacidad global\u00bb en la parte inferior de cada p\u00e1gina de nuestros Sitios web. Tambi\u00e9n indicaremos en la parte superior de la pol\u00edtica cu\u00e1ndo fue su \u00faltima actualizaci\u00f3n.<\/p>\n<h3>C\u00d3MO PONERSE EN CONTACTO CON NOSOTROS<\/h3>\n<p>Si tiene alguna pregunta o comentario sobre esta pol\u00edtica o si desea que actualicemos la informaci\u00f3n que tenemos sobre usted o sus preferencias, puede ponerse en contacto con nosotros utilizando la informaci\u00f3n que figura a continuaci\u00f3n. Le rogamos que realice todas las consultas o solicitudes relativas a su informaci\u00f3n en ingl\u00e9s para que podamos responder a sus peticiones y resolverlas.<\/p>\n<p>Responsable corporativo de protecci\u00f3n de datos<br \/>\nDuravant, LLC<br \/>\n3500 Lacey Road, Suite 290<br \/>\nDowners Grove, Illinois 60515<br \/>\nEstados Unidos<br \/>\n<a href=\"mailto:data.protection@duravant.com\">Data.protection@duravant.com<\/a><br \/>\nTel. <a href=\"tel:16306353910\">630.635.3910<\/a><\/p>\n<p>Duravant se ha comprometido adem\u00e1s a remitir las reclamaciones sobre privacidad no resueltas en virtud de los Principios del Escudo de Privacidad UE-EE.UU. y los Principios del Escudo de Privacidad Suiza-EE.UU. a un mecanismo de recurso independiente, BBB EU PRIVACY SHIELD, gestionado por el Council of Better Business Bureaus (\u00abBBB\u00bb). Duravant se ha comprometido adem\u00e1s a cooperar con el panel establecido por las autoridades de protecci\u00f3n de datos (DPA) de la UE y el Comisionado Federal de Protecci\u00f3n de Datos e Informaci\u00f3n de Suiza (FDPIC) con respecto a las reclamaciones no resueltas del Escudo de Privacidad relativas a los datos de recursos humanos transferidos desde la UE y Suiza en el contexto de la relaci\u00f3n laboral. Si no recibe un acuse de recibo oportuno de su reclamaci\u00f3n o si su reclamaci\u00f3n no es atendida satisfactoriamente por Duravant, visite <a href=\"http:\/\/www.bbb.org\/EU-privacy-shield\/for-eu-consumers\/\">www.bbb.org\/EU-privacy-shield\/for-eu-consumers\/<\/a> para obtener m\u00e1s informaci\u00f3n y presentar una reclamaci\u00f3n sin coste alguno para usted.\u00a0<\/p>\n<p>Adem\u00e1s de los mecanismos de resoluci\u00f3n de conflictos anteriores, los Titulares de los datos pueden invocar el arbitraje vinculante si su reclamaci\u00f3n no es resuelta por la BBB o por el Departamento de Comercio tras la remisi\u00f3n de la autoridad de protecci\u00f3n de datos pertinente en el EEE o Suiza. Para m\u00e1s informaci\u00f3n sobre el arbitraje vinculante, visite <a href=\"https:\/\/www.privacyshield.gov\/\">https:\/\/www.privacyshield.gov<\/a>.<\/p>\n<p>De conformidad con el Escudo de la privacidad, Duravant sigue siendo responsable de la transferencia de datos personales a terceros que act\u00faen como nuestros agentes a menos que podamos demostrar que no fuimos parte en los hechos que dieron lugar a los da\u00f1os.<\/p>\n<p>Duravant est\u00e1 sujeta a los poderes de investigaci\u00f3n y ejecuci\u00f3n de la Comisi\u00f3n Federal de Comercio.<\/p>\n<p>En vigor desde el 25 de mayo de 2018<\/p>\n<p><a href=\"https:\/\/www.duravant.com\/global-privacy-policy.html\">Traducido de Duravant LLC &#8211; Original<\/a><\/p>\n","protected":false},"excerpt":{"rendered":"<p>Pol\u00edtica de Privacidad Global de Duravant LLC Duravant LLC y sus filiales directas e indirectas y cada uno de sus directivos, responsables, empleados y representantes autorizados (colectivamente, \u00abDuravant\u00bb) respetan su privacidad. Esta Pol\u00edtica de Privacidad Global describe los tipos de informaci\u00f3n personal que recopilamos, c\u00f3mo usamos esa informaci\u00f3n, con qui\u00e9n la compartimos y las opciones <a href=\"https:\/\/fmhconveyors.com\/es-in\/politica-de-privacidad\/\" class=\"more-link\">&#8230;<span class=\"screen-reader-text\">  Pol\u00edtica de Privacidad Global de Duravant LLC<\/span><\/a><\/p>\n","protected":false},"author":7,"featured_media":0,"parent":0,"menu_order":223,"comment_status":"closed","ping_status":"closed","template":"page--template_legal.php","meta":{"_acf_changed":false,"inline_featured_image":false,"footnotes":""},"class_list":["post-8832","page","type-page","status-publish","hentry"],"acf":[],"_links":{"self":[{"href":"https:\/\/fmhconveyors.com\/es-in\/wp-json\/wp\/v2\/pages\/8832","targetHints":{"allow":["GET"]}}],"collection":[{"href":"https:\/\/fmhconveyors.com\/es-in\/wp-json\/wp\/v2\/pages"}],"about":[{"href":"https:\/\/fmhconveyors.com\/es-in\/wp-json\/wp\/v2\/types\/page"}],"author":[{"embeddable":true,"href":"https:\/\/fmhconveyors.com\/es-in\/wp-json\/wp\/v2\/users\/7"}],"replies":[{"embeddable":true,"href":"https:\/\/fmhconveyors.com\/es-in\/wp-json\/wp\/v2\/comments?post=8832"}],"version-history":[{"count":5,"href":"https:\/\/fmhconveyors.com\/es-in\/wp-json\/wp\/v2\/pages\/8832\/revisions"}],"predecessor-version":[{"id":9307,"href":"https:\/\/fmhconveyors.com\/es-in\/wp-json\/wp\/v2\/pages\/8832\/revisions\/9307"}],"wp:attachment":[{"href":"https:\/\/fmhconveyors.com\/es-in\/wp-json\/wp\/v2\/media?parent=8832"}],"curies":[{"name":"wp","href":"https:\/\/api.w.org\/{rel}","templated":true}]}}