{"id":6838,"date":"2021-04-11T22:35:43","date_gmt":"2021-04-11T22:35:43","guid":{"rendered":"https:\/\/fmhconveyors.com\/terms-of-use\/"},"modified":"2022-06-17T10:16:26","modified_gmt":"2022-06-17T09:16:26","slug":"terms-of-use","status":"publish","type":"page","link":"https:\/\/fmhconveyors.com\/de-in\/nutzungsbedingungen\/","title":{"rendered":"Nutzungsbedingungen"},"content":{"rendered":"<p>ACHTUNG: BITTE LESEN SIE DIESE ERKL\u00c4RUNG SORGF\u00c4LTIG DURCH, BEVOR SIE FMH Conveyors (DIESE &#8220;WEBSEITE&#8221;) nutzen. MIT DER NUTZUNG DIESER WEBSITE ERKL\u00c4REN SIE SICH MIT DIESER URHEBERRECHTSERKL\u00c4RUNG UND DEN NUTZUNGSBEDINGUNGEN (ZUSAMMENFASSEND ALS &#8220;NUTZUNGSBEDINGUNGEN&#8221; BEZEICHNET) EINVERSTANDEN. WENN SIE DIESE NUTZUNGSBEDINGUNGEN NICHT AKZEPTIEREN, D\u00dcRFEN SIE DIESE WEBSITE NICHT NUTZEN.<\/p>\n<p>FMH Conveyors beh\u00e4lt sich das Recht vor, diese Nutzungsbedingungen ohne Vorank\u00fcndigung zu \u00e4ndern, und alle \u00c4nderungen treten in Kraft, wenn sie hier ver\u00f6ffentlicht werden. FMH Conveyors kann jederzeit nach eigenem Ermessen Ihren Zugang zu dieser Website sperren. Der Zugriff auf die Website kann von FMH Conveyors \u00fcberwacht werden. Wenn Sie auf diese Website als Vertreter einer Organisation zugreifen, sind diese Nutzungsbedingungen sowohl f\u00fcr Sie als Einzelperson als auch f\u00fcr die Organisation verbindlich, und Verweise auf &#8220;Sie&#8221; und &#8220;Ihr&#8221; sind so auszulegen, dass sie f\u00fcr Sie als Einzelperson und die Organisation gelten.<\/p>\n<p>W\u00e4hrend FMH Conveyors den Urheberrechtsschutz f\u00fcr alle Materialien, Informationen und Ver\u00f6ffentlichungen (zusammenfassend &#8220;Website-Informationen&#8221;), die sie auf diese Website stellt, aufrechterh\u00e4lt, stimmt FMH Conveyors dem normalen Herunterladen, Kopieren und Verteilen der Informationen f\u00fcr nicht-kommerzielle Zwecke durch Sie oder innerhalb Ihrer Organisation zu. Als Gegenleistung f\u00fcr diese Zustimmung erkl\u00e4ren Sie sich damit einverstanden, dass die Kopien der Website-Informationen alle Urheberrechts- und sonstigen Eigentumsvermerke beibehalten und dass Sie die Website-Informationen in keiner Weise ver\u00e4ndern werden. Au\u00dfer in den F\u00e4llen, in denen Ihre Nutzung unter das Urheberrecht f\u00e4llt, d\u00fcrfen Sie die Website-Informationen ohne die vorherige schriftliche Zustimmung von FMH Conveyors weder ganz noch teilweise anderweitig nutzen, herunterladen, hochladen, kopieren, drucken, ausstellen, vorf\u00fchren, vervielf\u00e4ltigen, ver\u00f6ffentlichen oder verbreiten.<\/p>\n<p>Eine Bedingung f\u00fcr die Nutzung dieser Website ist, dass Sie die Website oder die Website-Informationen nicht f\u00fcr einen Zweck nutzen, der ungesetzlich oder durch diese Nutzungsbedingungen verboten ist. Sie werden diese Website nicht in einer Weise nutzen, die den Betrieb dieser Website oder die Nutzung durch Dritte besch\u00e4digen, deaktivieren, \u00fcberlasten oder beeintr\u00e4chtigen k\u00f6nnte.<\/p>\n<p>Bestimmte eingeschr\u00e4nkte Produktinformationen sind auf dieser Website nur f\u00fcr lizenzierte Kunden von FMH Conveyors verf\u00fcgbar, die f\u00fcr den Erhalt von Informationen \u00fcber von FMH Conveyors ausgegebene Passw\u00f6rter registriert sind. Diese eingeschr\u00e4nkten Informationen werden als vertrauliche und gesch\u00fctzte Informationen von FMH Conveyors betrachtet. Wenn Sie ein registrierter Kunde oder ein Vertreter eines registrierten Kunden sind, autorisiert FMH Conveyors Sie, die eingeschr\u00e4nkten Informationen herunterzuladen, zu kopieren, Wenn Sie ein registrierter Kunde oder Vertreter eines registrierten Kunden sind, autorisiert FMH Conveyors Sie, die Informationen herunterzuladen, zu kopieren, zu verteilen und zu nutzen, und zwar nur f\u00fcr sich selbst oder, falls zutreffend, nur innerhalb der Organisation des Kunden und nur f\u00fcr die von FMH Conveyors genehmigten Zwecke. Sie werden FMH Conveyors unverz\u00fcglich \u00fcber jede unbefugte Nutzung Ihres Passworts informieren. Sie sind f\u00fcr die Nutzung Ihres Passworts verantwortlich. Sie werden nicht versuchen, sich unbefugten Zugang zu Informationen oder Bereichen auf dieser Website zu verschaffen.<\/p>\n<p>Bestimmte Informationen, die auf dieser Website verf\u00fcgbar sind, werden von anderen Parteien bereitgestellt, insbesondere Informationen \u00fcber diese anderen Parteien. Sie nehmen zur Kenntnis, dass alle diese Informationen, Daten, Texte, Software, Musik, T\u00f6ne, Fotos, Grafiken, Videos, Nachrichten oder andere Materialien in der alleinigen Verantwortung des Urhebers liegen und dass FMH Conveyors keine Verantwortung f\u00fcr diese Inhalte tr\u00e4gt und keine Garantie f\u00fcr die Richtigkeit, Integrit\u00e4t oder Qualit\u00e4t dieser Inhalte \u00fcbernimmt. Die Aufnahme einer Aussage \u00fcber eine andere Partei, eines Verweises auf diese andere Partei oder eines Weblinks zur Website einer anderen Partei stellt in keinem Fall eine Bef\u00fcrwortung dieser anderen Partei, ihrer Produkte oder ihrer Dienstleistungen dar.<\/p>\n<p>Sie d\u00fcrfen auf die FMH Conveyors-Homepage verlinken, sind jedoch nicht berechtigt, ohne die vorherige ausdr\u00fcckliche schriftliche Zustimmung von FMH Conveyors auf eine andere Seite der FMH Conveyors-Website zu verlinken, wobei sich FMH Conveyors das Recht vorbeh\u00e4lt, diese Zustimmung jederzeit nach eigenem Ermessen zu widerrufen. Sie d\u00fcrfen keine gesch\u00fctzten Logos, Marken oder andere charakteristische Grafiken, Video- oder Audiomaterialien von FMH Conveyors in Ihren Links verwenden. Sie d\u00fcrfen keine Links setzen, die 1) eine Zugeh\u00f6rigkeit zu FMH Conveyors oder eine Bef\u00fcrwortung oder ein Sponsoring durch FMH Conveyors implizieren, 2) Verwirrung, Irrtum oder T\u00e4uschung hervorrufen, 3) die Warenzeichen, Dienstleistungsmarken oder Handelsnamen von FMH Conveyors verw\u00e4ssern oder 4) anderweitig gegen geltendes Recht versto\u00dfen.<\/p>\n<p>FMH Conveyors macht keine Zusicherungen oder Versprechungen, Software, Dienstleistungen oder Produkte, die auf dieser Website besprochen werden, zu entwickeln, bereitzustellen oder zu vermarkten, und Sie d\u00fcrfen sich nicht auf die bereitgestellten Informationen oder die Aussicht auf die Verf\u00fcgbarkeit von Software, Dienstleistungen oder Produkten verlassen, die sich derzeit in der Entwicklung befinden oder von denen derzeit erwartet wird, dass sie in der Zukunft verf\u00fcgbar gemacht werden.<\/p>\n<p>Die Informationen auf der Website k\u00f6nnen sich auf Produkte, Programme oder Dienstleistungen beziehen, die in Ihrem Land nicht verf\u00fcgbar sind. Wenden Sie sich an Ihren FMH Conveyors-Vertreter, um Informationen \u00fcber die Produkte, Programme und Dienstleistungen zu erhalten, die f\u00fcr Sie verf\u00fcgbar sein k\u00f6nnten.<\/p>\n<p>Jede Software, die auf dieser Website zum Herunterladen zur Verf\u00fcgung steht, ist urheberrechtlich gesch\u00fctztes Eigentum von FMH Conveyors und\/oder seinen Lieferanten. Jegliche Nutzung oder Vervielf\u00e4ltigung einer solchen Software sowie etwaige Garantien in Bezug auf diese Software unterliegen den Bedingungen des f\u00fcr diese Software geltenden Lizenzvertrags. Jede Nutzung eines anderen Produkts oder einer anderen Dienstleistung und jede Gew\u00e4hrleistung f\u00fcr ein solches Produkt oder eine solche Dienstleistung, das\/die Sie \u00fcber diese Website oder in Verbindung mit ihr erworben haben, unterliegt den Bedingungen des f\u00fcr dieses Produkt oder diese Dienstleistung geltenden Vertrags.<\/p>\n","protected":false},"excerpt":{"rendered":"<p>ACHTUNG: BITTE LESEN SIE DIESE ERKL\u00c4RUNG SORGF\u00c4LTIG DURCH, BEVOR SIE (DIESE &#8220;WEBSEITE&#8221;) nutzen. MIT DER NUTZUNG DIESER WEBSITE ERKL\u00c4REN SIE SICH MIT DIESER URHEBERRECHTSERKL\u00c4RUNG UND DEN NUTZUNGSBEDINGUNGEN (ZUSAMMENFASSEND ALS &#8220;NUTZUNGSBEDINGUNGEN&#8221; BEZEICHNET) EINVERSTANDEN. WENN SIE DIESE NUTZUNGSBEDINGUNGEN NICHT AKZEPTIEREN, D\u00dcRFEN SIE DIESE WEBSITE NICHT NUTZEN. beh\u00e4lt sich das Recht vor, diese Nutzungsbedingungen ohne Vorank\u00fcndigung zu \u00e4ndern, <a href=\"https:\/\/fmhconveyors.com\/de-in\/nutzungsbedingungen\/\" class=\"more-link\">&#8230;<span class=\"screen-reader-text\">  Nutzungsbedingungen<\/span><\/a><\/p>\n","protected":false},"author":7,"featured_media":0,"parent":0,"menu_order":228,"comment_status":"closed","ping_status":"closed","template":"page--template_legal.php","meta":{"_acf_changed":false,"inline_featured_image":false,"footnotes":""},"class_list":["post-6838","page","type-page","status-publish","hentry"],"acf":[],"_links":{"self":[{"href":"https:\/\/fmhconveyors.com\/de-in\/wp-json\/wp\/v2\/pages\/6838","targetHints":{"allow":["GET"]}}],"collection":[{"href":"https:\/\/fmhconveyors.com\/de-in\/wp-json\/wp\/v2\/pages"}],"about":[{"href":"https:\/\/fmhconveyors.com\/de-in\/wp-json\/wp\/v2\/types\/page"}],"author":[{"embeddable":true,"href":"https:\/\/fmhconveyors.com\/de-in\/wp-json\/wp\/v2\/users\/7"}],"replies":[{"embeddable":true,"href":"https:\/\/fmhconveyors.com\/de-in\/wp-json\/wp\/v2\/comments?post=6838"}],"version-history":[{"count":3,"href":"https:\/\/fmhconveyors.com\/de-in\/wp-json\/wp\/v2\/pages\/6838\/revisions"}],"predecessor-version":[{"id":7784,"href":"https:\/\/fmhconveyors.com\/de-in\/wp-json\/wp\/v2\/pages\/6838\/revisions\/7784"}],"wp:attachment":[{"href":"https:\/\/fmhconveyors.com\/de-in\/wp-json\/wp\/v2\/media?parent=6838"}],"curies":[{"name":"wp","href":"https:\/\/api.w.org\/{rel}","templated":true}]}}